{"id":3723,"date":"2019-07-01T17:33:20","date_gmt":"2019-07-01T15:33:20","guid":{"rendered":"https:\/\/portimbm.al\/?page_id=3723"},"modified":"2022-03-29T17:16:28","modified_gmt":"2022-03-29T15:16:28","slug":"regulatory-information","status":"publish","type":"page","link":"https:\/\/portimbm.al\/sq\/regulatory-information\/","title":{"rendered":"Baza Ligjore"},"content":{"rendered":"<div class=\"tm-row wpb_row vc_row-fluid vc_custom_1524291078491 tm-zindex-0 vc_row container tm-bgimage-position-center_center\">\n\n\t\t\n\t\t\n\t\t\n\n<div class=\"wpb_column tm-column vc_column_container vc_col-sm-12 tm-zindex-0\">\n\t<div class=\"vc_column-inner\">\n\t\t\t\t<div class=\"wpb_wrapper\">\n\t\t\t<h3 style=\"text-align:center;\" class=\"tm-custom-heading\" >Concession Contract Granted on Date 23.09.2015<\/h3>\n\n\t<div class=\"wpb_text_column wpb_content_element\" >\n\t\t<div class=\"wpb_wrapper\">\n\t\t\t<p>Qeveria e Shqip\u00ebris\u00eb e p\u00ebrfaq\u00ebsuar nga Ministria e Transportit dhe Infrastruktur\u00ebs ka miratuar kontrat\u00ebn e kon\u00e7esionit t\u00eb form\u00ebs  BOT (Ndertim, Shfryt\u00ebzim dhe Transferim) t\u00eb nj\u00eb porti t\u00eb llojit MBM n\u00eb Porto Romano, Durr\u00ebs<\/p>\n\n\t\t<\/div>\n\t<\/div>\n\t\t<\/div>\n\t<\/div>\n<\/div>\n\n\n\n\t\t\n\t<\/div>\n\n\n\n\n\n\n\n\n\n\n\n<div class=\"tm-row wpb_row vc_row-fluid vc_custom_1533626661330 tm-overlap-row tm-zindex-0 vc_row container tm-bgimage-position-center_center\">\n\n\t\t\n\t\t\n\t\t\n\n<div class=\"wpb_column tm-column vc_column_container vc_col-sm-12 tm-zindex-0\">\n\t<div class=\"vc_column-inner\">\n\t\t\t\t<div class=\"wpb_wrapper\">\n\t\t\t<div class=\"tm-element-heading-wrapper tm-heading-inner tm-element-align-center tm-seperator-none tm-heading-style-vertical  vc_custom_1561998259644\"><section class=\"tm-vc_cta3-container\"><div class=\"tm-vc_general tm-vc_cta3 tm-cta3-only tm-vc_cta3-style-classic tm-vc_cta3-shape-rounded tm-vc_cta3-align-center tm-vc_cta3-color-transparent tm-vc_cta3-icon-size-md tm-vc_cta3-actions-no tm-cta3-without-desc\"><div class=\"tm-vc_cta3_content-container\"><div class=\"tm-vc_cta3-content\"><header class=\"tm-vc_cta3-content-header tm-wrap\"><div class=\"tm-vc_cta3-headers tm-wrap-cell\"><h2 style=\"font-size:30px;line-height:35px;font-family:'Titillium Web',Arial,Helvetica;font-weight:600;\" class=\"tm-custom-heading  wpb_animate_when_almost_visible wpb_fadeIn fadeIn\" >Ligji 104\/2015<\/h2>\n<\/div><div class=\"heading-seperator\"><span><\/span><\/div><\/header><\/div><\/div><\/div><\/section><\/div> <!-- .tm-element-heading-wrapper container --> \n\t<div class=\"wpb_text_column wpb_content_element  wpb_animate_when_almost_visible wpb_fadeIn fadeIn\" >\n\t\t<div class=\"wpb_wrapper\">\n\t\t\t<p>P\u00ebr miratimin e kontrat\u00ebs s\u00eb koncesionit t\u00eb form\u00ebs \u201cBOT\u201d (nd\u00ebrtim, shfryt\u00ebzim dhe transferim) t\u00eb nj\u00eb porti t\u00eb llojit mbm n\u00eb Porto Romano, Durr\u00ebs, nd\u00ebrmjet ministris\u00eb s\u00eb transportit dhe infrastruktur\u00ebs dhe shoq\u00ebris\u00eb koncesionare \u201cPorti MBM\u201d<\/p>\n\n\t\t<\/div>\n\t<\/div>\n\t\t<\/div>\n\t<\/div>\n<\/div>\n\n\n\n\t\t\n\t<\/div>\n\n\n\n\n\n\n\n\n\n\n\n<div class=\"tm-row wpb_row vc_row-fluid tm-zindex-0 vc_row container tm-bgimage-position-center_center\">\n\n\t\t\n\t\t\n\t\t\n\n<div class=\"wpb_column tm-column vc_column_container vc_col-sm-12 tm-zindex-0\">\n\t<div class=\"vc_column-inner\">\n\t\t\t\t<div class=\"wpb_wrapper\">\n\t\t\t<div class=\"tm-element-heading-wrapper tm-heading-inner tm-element-align-center tm-seperator-none tm-heading-style-vertical  vc_custom_1561998367625\"><section class=\"tm-vc_cta3-container\"><div class=\"tm-vc_general tm-vc_cta3 tm-cta3-only tm-vc_cta3-style-classic tm-vc_cta3-shape-rounded tm-vc_cta3-align-center tm-vc_cta3-color-transparent tm-vc_cta3-icon-size-md tm-vc_cta3-actions-no tm-cta3-without-desc\"><div class=\"tm-vc_cta3_content-container\"><div class=\"tm-vc_cta3-content\"><header class=\"tm-vc_cta3-content-header tm-wrap\"><div class=\"tm-vc_cta3-headers tm-wrap-cell\"><h2 style=\"font-size:30px;line-height:35px;font-family:'Titillium Web',Arial,Helvetica;font-weight:600;\" class=\"tm-custom-heading  wpb_animate_when_almost_visible wpb_fadeIn fadeIn\" >Keshilli kombetar i territorit Vendim nr 6 date 11.10.2016<\/h2>\n<\/div><div class=\"heading-seperator\"><span><\/span><\/div><\/header><\/div><\/div><\/div><\/section><\/div> <!-- .tm-element-heading-wrapper container --> \n\t<div class=\"wpb_text_column wpb_content_element  wpb_animate_when_almost_visible wpb_fadeIn fadeIn\" >\n\t\t<div class=\"wpb_wrapper\">\n\t\t\t<ul>\n<li>P\u00ebr miratimin e lejes s\u00eb zhvillimit  per nd\u00ebrtimin e Porti MBM, me vendodhje ne Porto Romano, Bashkia Durres.<\/li>\n<\/ul>\n\n\t\t<\/div>\n\t<\/div>\n\t\t<\/div>\n\t<\/div>\n<\/div>\n\n\n\n\t\t\n\t<\/div>\n\n\n\n\n\n\n\n\n\n\n\n<div class=\"tm-row wpb_row vc_row-fluid tm-zindex-0 vc_row container tm-bgimage-position-center_center\">\n\n\t\t\n\t\t\n\t\t\n\n<div class=\"wpb_column tm-column vc_column_container vc_col-sm-12 tm-zindex-0\">\n\t<div class=\"vc_column-inner\">\n\t\t\t\t<div class=\"wpb_wrapper\">\n\t\t\t<div class=\"tm-element-heading-wrapper tm-heading-inner tm-element-align-center tm-seperator-none tm-heading-style-vertical  vc_custom_1561998562044\"><section class=\"tm-vc_cta3-container\"><div class=\"tm-vc_general tm-vc_cta3 tm-cta3-only tm-vc_cta3-style-classic tm-vc_cta3-shape-rounded tm-vc_cta3-align-center tm-vc_cta3-color-transparent tm-vc_cta3-icon-size-md tm-vc_cta3-actions-no tm-cta3-without-desc\"><div class=\"tm-vc_cta3_content-container\"><div class=\"tm-vc_cta3-content\"><header class=\"tm-vc_cta3-content-header tm-wrap\"><div class=\"tm-vc_cta3-headers tm-wrap-cell\"><h2 style=\"font-size:30px;line-height:35px;font-family:'Titillium Web',Arial,Helvetica;font-weight:600;\" class=\"tm-custom-heading  wpb_animate_when_almost_visible wpb_fadeIn fadeIn\" >Keshilli Kombetar i ujit Vendim nr 2 dt 22.02.2017<\/h2>\n<\/div><div class=\"heading-seperator\"><span><\/span><\/div><\/header><\/div><\/div><\/div><\/section><\/div> <!-- .tm-element-heading-wrapper container --> \n\t<div class=\"wpb_text_column wpb_content_element  wpb_animate_when_almost_visible wpb_fadeIn fadeIn\" >\n\t\t<div class=\"wpb_wrapper\">\n\t\t\t<ul>\n<li>Miratimin e lejes \u201cper ndertimin e strukturave ankoruese, portuale\u201d dhe te autorizimit \u201c per veprimtari ndertimore ne brigje, per ndertimin e portit mbm, me vendodhje ne Porto Romano, Bashkia Durres.<\/li>\n<\/ul>\n\n\t\t<\/div>\n\t<\/div>\n\t\t<\/div>\n\t<\/div>\n<\/div>\n\n\n\n\t\t\n\t<\/div>\n\n\n\n\n\n\n\n\n\n\n\n<div class=\"tm-row wpb_row vc_row-fluid tm-zindex-0 vc_row container tm-bgimage-position-center_center\">\n\n\t\t\n\t\t\n\t\t\n\n<div class=\"wpb_column tm-column vc_column_container vc_col-sm-12 tm-zindex-0\">\n\t<div class=\"vc_column-inner\">\n\t\t\t\t<div class=\"wpb_wrapper\">\n\t\t\t<div class=\"tm-element-heading-wrapper tm-heading-inner tm-element-align-center tm-seperator-none tm-heading-style-vertical  vc_custom_1561998645377\"><section class=\"tm-vc_cta3-container\"><div class=\"tm-vc_general tm-vc_cta3 tm-cta3-only tm-vc_cta3-style-classic tm-vc_cta3-shape-rounded tm-vc_cta3-align-center tm-vc_cta3-color-transparent tm-vc_cta3-icon-size-md tm-vc_cta3-actions-no tm-cta3-without-desc\"><div class=\"tm-vc_cta3_content-container\"><div class=\"tm-vc_cta3-content\"><header class=\"tm-vc_cta3-content-header tm-wrap\"><div class=\"tm-vc_cta3-headers tm-wrap-cell\"><h2 style=\"font-size:30px;line-height:35px;font-family:'Titillium Web',Arial,Helvetica;font-weight:600;\" class=\"tm-custom-heading  wpb_animate_when_almost_visible wpb_fadeIn fadeIn\" >Ligji Nr. 13\/2018<\/h2>\n<\/div><div class=\"heading-seperator\"><span><\/span><\/div><\/header><\/div><\/div><\/div><\/section><\/div> <!-- .tm-element-heading-wrapper container --> \n\t<div class=\"wpb_text_column wpb_content_element  wpb_animate_when_almost_visible wpb_fadeIn fadeIn\" >\n\t\t<div class=\"wpb_wrapper\">\n\t\t\t<ul>\n<li>P\u00ebr miratimin e shtes\u00ebs s\u00eb kontrat\u00ebs s\u00eb koncesionit t\u00eb form\u00ebs \u201cBOT\u201d (nd\u00ebrtim, shfryt\u00ebzim dhe transferim) t\u00eb nj\u00eb porti t\u00eb llojit mbm n\u00eb porto-romano, durr\u00ebs, miratuar me ligjin nr. 104\/2015, nd\u00ebrmjet Ministris\u00eb s\u00eb Infrastruktur\u00ebs dhe Energjis\u00eb dhe Shoq\u00ebris\u00eb Koncesionare \u201cPorti MBM (Multy Buoy Mooring)\u201d<\/li>\n<\/ul>\n\n\t\t<\/div>\n\t<\/div>\n\t\t<\/div>\n\t<\/div>\n<\/div>\n\n\n\n\t\t\n\t<\/div>\n\n\n\n\n\n\n\n\n\n\n\n<div class=\"tm-row wpb_row vc_row-fluid tm-zindex-0 vc_row container tm-bgimage-position-center_center\">\n\n\t\t\n\t\t\n\t\t\n\n<div class=\"wpb_column tm-column vc_column_container vc_col-sm-12 tm-zindex-0\">\n\t<div class=\"vc_column-inner\">\n\t\t\t\t<div class=\"wpb_wrapper\">\n\t\t\t<div class=\"tm-element-heading-wrapper tm-heading-inner tm-element-align-center tm-seperator-none tm-heading-style-vertical  vc_custom_1561998722081\"><section class=\"tm-vc_cta3-container\"><div class=\"tm-vc_general tm-vc_cta3 tm-cta3-only tm-vc_cta3-style-classic tm-vc_cta3-shape-rounded tm-vc_cta3-align-center tm-vc_cta3-color-transparent tm-vc_cta3-icon-size-md tm-vc_cta3-actions-no tm-cta3-without-desc\"><div class=\"tm-vc_cta3_content-container\"><div class=\"tm-vc_cta3-content\"><header class=\"tm-vc_cta3-content-header tm-wrap\"><div class=\"tm-vc_cta3-headers tm-wrap-cell\"><h2 style=\"font-size:30px;line-height:35px;font-family:'Titillium Web',Arial,Helvetica;font-weight:600;\" class=\"tm-custom-heading  wpb_animate_when_almost_visible wpb_fadeIn fadeIn\" >Keshilli kombetar i territorit Vendim nr 27 dt 26.07.2018<\/h2>\n<\/div><div class=\"heading-seperator\"><span><\/span><\/div><\/header><\/div><\/div><\/div><\/section><\/div> <!-- .tm-element-heading-wrapper container --> \n\t<div class=\"wpb_text_column wpb_content_element  wpb_animate_when_almost_visible wpb_fadeIn fadeIn\" >\n\t\t<div class=\"wpb_wrapper\">\n\t\t\t<ul>\n<li>Miratimin e ndryshimeve t\u00eb projektit gjate ndertimit p\u00ebr objektin \u201cPorti MBM\u201d, me vendodhje n\u00eb Porto Romano, Bashkia Durr\u00ebs.<\/li>\n<\/ul>\n\n\t\t<\/div>\n\t<\/div>\n\t\t<\/div>\n\t<\/div>\n<\/div>\n\n\n\n\t\t\n\t<\/div>\n\n\n\n\n\n\n\n\n\n\n\n<div class=\"tm-row wpb_row vc_row-fluid tm-zindex-0 vc_row container tm-bgimage-position-center_center\">\n\n\t\t\n\t\t\n\t\t\n\n<div class=\"wpb_column tm-column vc_column_container vc_col-sm-12 tm-zindex-0\">\n\t<div class=\"vc_column-inner\">\n\t\t\t\t<div class=\"wpb_wrapper\">\n\t\t\t<div class=\"tm-element-heading-wrapper tm-heading-inner tm-element-align-center tm-seperator-none tm-heading-style-vertical  vc_custom_1561998787589\"><section class=\"tm-vc_cta3-container\"><div class=\"tm-vc_general tm-vc_cta3 tm-cta3-only tm-vc_cta3-style-classic tm-vc_cta3-shape-rounded tm-vc_cta3-align-center tm-vc_cta3-color-transparent tm-vc_cta3-icon-size-md tm-vc_cta3-actions-no tm-cta3-without-desc\"><div class=\"tm-vc_cta3_content-container\"><div class=\"tm-vc_cta3-content\"><header class=\"tm-vc_cta3-content-header tm-wrap\"><div class=\"tm-vc_cta3-headers tm-wrap-cell\"><h2 style=\"font-size:30px;line-height:35px;font-family:'Titillium Web',Arial,Helvetica;font-weight:600;\" class=\"tm-custom-heading  wpb_animate_when_almost_visible wpb_fadeIn fadeIn\" >Vendim i Keshillit te Ministrave nr. 230, dat\u00eb\n 17.4.2019<\/h2>\n<\/div><div class=\"heading-seperator\"><span><\/span><\/div><\/header><\/div><\/div><\/div><\/section><\/div> <!-- .tm-element-heading-wrapper container --> \n\t<div class=\"wpb_text_column wpb_content_element  wpb_animate_when_almost_visible wpb_fadeIn fadeIn\" >\n\t\t<div class=\"wpb_wrapper\">\n\t\t\t<ul>\n<li>P\u00ebr shpalljen, kategorizimin dhe em\u00ebrtimin e portit t\u00eb llojit MBM, n\u00eb Porto Romano, Durr\u00ebs, \u201cPort i Hapur p\u00ebr Trafik Nd\u00ebrkomb\u00ebtar\u201d<\/li>\n<\/ul>\n\n\t\t<\/div>\n\t<\/div>\n\t\t<\/div>\n\t<\/div>\n<\/div>\n\n\n\n\t\t\n\t<\/div>\n\n\n\n\n\n\n\n\n\n\n\n<div class=\"tm-row wpb_row vc_row-fluid tm-zindex-0 vc_row container tm-bgimage-position-center_center\">\n\n\t\t\n\t\t\n\t\t\n\n<div class=\"wpb_column tm-column vc_column_container vc_col-sm-12 tm-zindex-0\">\n\t<div class=\"vc_column-inner\">\n\t\t\t\t<div class=\"wpb_wrapper\">\n\t\t\t<div class=\"tm-element-heading-wrapper tm-heading-inner tm-element-align-center tm-seperator-none tm-heading-style-vertical  vc_custom_1647258682566\"><section class=\"tm-vc_cta3-container\"><div class=\"tm-vc_general tm-vc_cta3 tm-cta3-only tm-vc_cta3-style-classic tm-vc_cta3-shape-rounded tm-vc_cta3-align-center tm-vc_cta3-color-transparent tm-vc_cta3-icon-size-md tm-vc_cta3-actions-no tm-cta3-without-desc\"><div class=\"tm-vc_cta3_content-container\"><div class=\"tm-vc_cta3-content\"><header class=\"tm-vc_cta3-content-header tm-wrap\"><div class=\"tm-vc_cta3-headers tm-wrap-cell\"><h2 style=\"font-size:30px;line-height:35px;font-family:'Titillium Web',Arial,Helvetica;font-weight:600;\" class=\"tm-custom-heading  wpb_animate_when_almost_visible wpb_fadeIn fadeIn\" >Ligji Nr. 58\/2020<\/h2>\n<\/div><div class=\"heading-seperator\"><span><\/span><\/div><\/header><\/div><\/div><\/div><\/section><\/div> <!-- .tm-element-heading-wrapper container --> \n\t<div class=\"wpb_text_column wpb_content_element  wpb_animate_when_almost_visible wpb_fadeIn fadeIn\" >\n\t\t<div class=\"wpb_wrapper\">\n\t\t\t<ul>\n<li>P\u00ebr miratimin e shtes\u00ebs s\u00eb kontrat\u00ebs s\u00eb koncesionit t\u00eb form\u00ebs \"BOT\" (nd\u00ebrtim, shfryt\u00ebzim dhe transferim) t\u00eb nj\u00eb porti t\u00eb llojit MBM n\u00eb Porto-Romano, Durr\u00ebs, miratuar me Ligjin nr. 104\/2015, nd\u00ebrmjet Ministris\u00eb s\u00eb Infrastruktur\u00ebs dhe Energjis\u00eb dhe Shoq\u00ebris\u00eb Koncesionare \"Porti MBM (Multy Buoy mMooring)\"<\/li>\n<\/ul>\n\n\t\t<\/div>\n\t<\/div>\n\t\t<\/div>\n\t<\/div>\n<\/div>\n\n\n\n\t\t\n\t<\/div>\n\n\n\n\n\n\n\n\n\n\n\n<div class=\"tm-row wpb_row vc_row-fluid tm-zindex-0 vc_row container tm-bgimage-position-center_center\">\n\n\t\t\n\t\t\n\t\t\n\n<div class=\"wpb_column tm-column vc_column_container vc_col-sm-12 tm-zindex-0\">\n\t<div class=\"vc_column-inner\">\n\t\t\t\t<div class=\"wpb_wrapper\">\n\t\t\t<div class=\"tm-element-heading-wrapper tm-heading-inner tm-element-align-center tm-seperator-none tm-heading-style-vertical  vc_custom_1647258712694\"><section class=\"tm-vc_cta3-container\"><div class=\"tm-vc_general tm-vc_cta3 tm-cta3-only tm-vc_cta3-style-classic tm-vc_cta3-shape-rounded tm-vc_cta3-align-center tm-vc_cta3-color-transparent tm-vc_cta3-icon-size-md tm-vc_cta3-actions-no tm-cta3-without-desc\"><div class=\"tm-vc_cta3_content-container\"><div class=\"tm-vc_cta3-content\"><header class=\"tm-vc_cta3-content-header tm-wrap\"><div class=\"tm-vc_cta3-headers tm-wrap-cell\"><h2 style=\"font-size:30px;line-height:35px;font-family:'Titillium Web',Arial,Helvetica;font-weight:600;\" class=\"tm-custom-heading  wpb_animate_when_almost_visible wpb_fadeIn fadeIn\" >Vendim i Keshillit te Ministrave nr. 324, dat\u00eb 2.6.2021<\/h2>\n<\/div><div class=\"heading-seperator\"><span><\/span><\/div><\/header><\/div><\/div><\/div><\/section><\/div> <!-- .tm-element-heading-wrapper container --> \n\t<div class=\"wpb_text_column wpb_content_element  wpb_animate_when_almost_visible wpb_fadeIn fadeIn\" >\n\t\t<div class=\"wpb_wrapper\">\n\t\t\t<ul>\n<li>P\u00ebr disa ndryshime dhe shtesa n\u00eb Vendimin nr. 230, dat\u00eb 17.4.2019, t\u00eb K\u00ebshillit t\u00eb Ministrave, \u201cP\u00ebr shpalljen, kategorizimin dhe em\u00ebrtimin e Portit t\u00eb llojit MBM, n\u00eb Porto-Romano, Durr\u00ebs, \u2018Port i Hapur p\u00ebr Trafik Dd\u00ebrkomb\u00ebtar\u2019\u201d<\/li>\n<\/ul>\n\n\t\t<\/div>\n\t<\/div>\n\t\t<\/div>\n\t<\/div>\n<\/div>\n\n\n\n\t\t\n\t<\/div>","protected":false},"excerpt":{"rendered":"Concession Contract Granted on Date 23.09.2015 The Government of Albania represented by Ministry of Transport and Infrastructure has granted BOT (Build, Operate and Transfer) Concession Contract for building, operating and transferring an MBM Port in Porto Romano, Durres Law No 104\/2015 For Approval of BOT Concession Contract for an MBM Port in Porto Romano Durres &hellip; <a href=\"https:\/\/portimbm.al\/sq\/regulatory-information\/\" class=\"more-link\">Continue reading <span class=\"screen-reader-text\">Baza Ligjore<\/span><\/a>","protected":false},"author":1,"featured_media":0,"parent":0,"menu_order":0,"comment_status":"closed","ping_status":"closed","template":"","meta":{"footnotes":""},"folder":[],"class_list":["post-3723","page","type-page","status-publish","hentry"],"yoast_head":"<!-- This site is optimized with the Yoast SEO plugin v26.7 - https:\/\/yoast.com\/wordpress\/plugins\/seo\/ -->\n<title>Regulatory Information - Porti MBM<\/title>\n<meta name=\"description\" content=\"Shoqeria kon\u00e7esionare Porti MBM Kastrati\" \/>\n<meta name=\"robots\" content=\"index, follow, max-snippet:-1, max-image-preview:large, max-video-preview:-1\" \/>\n<link rel=\"canonical\" href=\"https:\/\/portimbm.al\/sq\/regulatory-information\/\" \/>\n<meta property=\"og:locale\" content=\"sq_AL\" \/>\n<meta property=\"og:type\" content=\"article\" \/>\n<meta property=\"og:title\" content=\"Regulatory Information - Porti MBM\" \/>\n<meta property=\"og:description\" content=\"Shoqeria kon\u00e7esionare Porti MBM Kastrati\" \/>\n<meta property=\"og:url\" content=\"https:\/\/portimbm.al\/sq\/regulatory-information\/\" \/>\n<meta property=\"og:site_name\" content=\"Porti MBM\" \/>\n<meta property=\"article:modified_time\" content=\"2022-03-29T15:16:28+00:00\" \/>\n<meta name=\"twitter:card\" content=\"summary_large_image\" \/>\n<meta name=\"twitter:label1\" content=\"Est. reading time\" \/>\n\t<meta name=\"twitter:data1\" content=\"2 minuta\" \/>\n<script type=\"application\/ld+json\" class=\"yoast-schema-graph\">{\"@context\":\"https:\/\/schema.org\",\"@graph\":[{\"@type\":\"WebPage\",\"@id\":\"https:\/\/portimbm.al\/regulatory-information\/\",\"url\":\"https:\/\/portimbm.al\/regulatory-information\/\",\"name\":\"Regulatory Information - Porti MBM\",\"isPartOf\":{\"@id\":\"https:\/\/portimbm.al\/sq\/#website\"},\"datePublished\":\"2019-07-01T15:33:20+00:00\",\"dateModified\":\"2022-03-29T15:16:28+00:00\",\"description\":\"Shoqeria kon\u00e7esionare Porti MBM Kastrati\",\"breadcrumb\":{\"@id\":\"https:\/\/portimbm.al\/regulatory-information\/#breadcrumb\"},\"inLanguage\":\"sq\",\"potentialAction\":[{\"@type\":\"ReadAction\",\"target\":[\"https:\/\/portimbm.al\/regulatory-information\/\"]}]},{\"@type\":\"BreadcrumbList\",\"@id\":\"https:\/\/portimbm.al\/regulatory-information\/#breadcrumb\",\"itemListElement\":[{\"@type\":\"ListItem\",\"position\":1,\"name\":\"Home\",\"item\":\"https:\/\/portimbm.al\/\"},{\"@type\":\"ListItem\",\"position\":2,\"name\":\"Regulatory Information\"}]},{\"@type\":\"WebSite\",\"@id\":\"https:\/\/portimbm.al\/sq\/#website\",\"url\":\"https:\/\/portimbm.al\/sq\/\",\"name\":\"Porti MBM\",\"description\":\"Shoqeria Kon\u00e7esionare Porti MBM\",\"potentialAction\":[{\"@type\":\"SearchAction\",\"target\":{\"@type\":\"EntryPoint\",\"urlTemplate\":\"https:\/\/portimbm.al\/sq\/?s={search_term_string}\"},\"query-input\":{\"@type\":\"PropertyValueSpecification\",\"valueRequired\":true,\"valueName\":\"search_term_string\"}}],\"inLanguage\":\"sq\"}]}<\/script>\n<!-- \/ Yoast SEO plugin. -->","yoast_head_json":{"title":"Regulatory Information - Porti MBM","description":"Shoqeria kon\u00e7esionare Porti MBM Kastrati","robots":{"index":"index","follow":"follow","max-snippet":"max-snippet:-1","max-image-preview":"max-image-preview:large","max-video-preview":"max-video-preview:-1"},"canonical":"https:\/\/portimbm.al\/sq\/regulatory-information\/","og_locale":"sq_AL","og_type":"article","og_title":"Regulatory Information - Porti MBM","og_description":"Shoqeria kon\u00e7esionare Porti MBM Kastrati","og_url":"https:\/\/portimbm.al\/sq\/regulatory-information\/","og_site_name":"Porti MBM","article_modified_time":"2022-03-29T15:16:28+00:00","twitter_card":"summary_large_image","twitter_misc":{"Est. reading time":"2 minuta"},"schema":{"@context":"https:\/\/schema.org","@graph":[{"@type":"WebPage","@id":"https:\/\/portimbm.al\/regulatory-information\/","url":"https:\/\/portimbm.al\/regulatory-information\/","name":"Regulatory Information - Porti MBM","isPartOf":{"@id":"https:\/\/portimbm.al\/sq\/#website"},"datePublished":"2019-07-01T15:33:20+00:00","dateModified":"2022-03-29T15:16:28+00:00","description":"Shoqeria kon\u00e7esionare Porti MBM Kastrati","breadcrumb":{"@id":"https:\/\/portimbm.al\/regulatory-information\/#breadcrumb"},"inLanguage":"sq","potentialAction":[{"@type":"ReadAction","target":["https:\/\/portimbm.al\/regulatory-information\/"]}]},{"@type":"BreadcrumbList","@id":"https:\/\/portimbm.al\/regulatory-information\/#breadcrumb","itemListElement":[{"@type":"ListItem","position":1,"name":"Home","item":"https:\/\/portimbm.al\/"},{"@type":"ListItem","position":2,"name":"Regulatory Information"}]},{"@type":"WebSite","@id":"https:\/\/portimbm.al\/sq\/#website","url":"https:\/\/portimbm.al\/sq\/","name":"Porti MBM.","description":"Shoqeria Kon\u00e7esionare Porti MBM","potentialAction":[{"@type":"SearchAction","target":{"@type":"EntryPoint","urlTemplate":"https:\/\/portimbm.al\/sq\/?s={search_term_string}"},"query-input":{"@type":"PropertyValueSpecification","valueRequired":true,"valueName":"search_term_string"}}],"inLanguage":"sq"}]}},"_links":{"self":[{"href":"https:\/\/portimbm.al\/sq\/wp-json\/wp\/v2\/pages\/3723","targetHints":{"allow":["GET"]}}],"collection":[{"href":"https:\/\/portimbm.al\/sq\/wp-json\/wp\/v2\/pages"}],"about":[{"href":"https:\/\/portimbm.al\/sq\/wp-json\/wp\/v2\/types\/page"}],"author":[{"embeddable":true,"href":"https:\/\/portimbm.al\/sq\/wp-json\/wp\/v2\/users\/1"}],"replies":[{"embeddable":true,"href":"https:\/\/portimbm.al\/sq\/wp-json\/wp\/v2\/comments?post=3723"}],"version-history":[{"count":11,"href":"https:\/\/portimbm.al\/sq\/wp-json\/wp\/v2\/pages\/3723\/revisions"}],"predecessor-version":[{"id":4298,"href":"https:\/\/portimbm.al\/sq\/wp-json\/wp\/v2\/pages\/3723\/revisions\/4298"}],"wp:attachment":[{"href":"https:\/\/portimbm.al\/sq\/wp-json\/wp\/v2\/media?parent=3723"}],"wp:term":[{"taxonomy":"folder","embeddable":true,"href":"https:\/\/portimbm.al\/sq\/wp-json\/wp\/v2\/folder?post=3723"}],"curies":[{"name":"wp","href":"https:\/\/api.w.org\/{rel}","templated":true}]}}