{"id":4281,"date":"2022-03-07T12:18:55","date_gmt":"2022-03-07T10:18:55","guid":{"rendered":"https:\/\/portimbm.al\/?page_id=4281"},"modified":"2022-03-30T14:49:03","modified_gmt":"2022-03-30T12:49:03","slug":"cargo-2","status":"publish","type":"page","link":"https:\/\/portimbm.al\/sq\/cargo-2\/","title":{"rendered":"Mallrat"},"content":{"rendered":"<div class=\"tm-row wpb_row vc_row-fluid tm-zindex-0 vc_row container tm-bgimage-position-center_center\">\n\n\t\t\n\t\t\n\t\t\n\n<div class=\"wpb_column tm-column vc_column_container vc_col-sm-12 tm-zindex-0\">\n\t<div class=\"vc_column-inner\">\n\t\t\t\t<div class=\"wpb_wrapper\">\n\t\t\t<h4 style=\"text-align:left;\" class=\"tm-custom-heading\" >Terminali Jug Lindor i ngarkesave ndodhet n\u00eb an\u00ebn jugore t\u00eb Portit t\u00eb Lir\u00eb MBM. Ka nj\u00eb sip\u00ebrfaqe af\u00ebrsisht 29.4 ha me nj\u00eb gjat\u00ebsi kalat\u00eb prej 1215 m dhe thell\u00ebsi aktuale deri n\u00eb 10 m.<\/h4>\n\t\t<\/div>\n\t<\/div>\n<\/div>\n\n\n\n\t\t\n\t<\/div>\n\n\n\n\n\n\n\n\n\n\n\n<div class=\"tm-row wpb_row vc_row-fluid tm-zindex-0 vc_row container tm-bgimage-position-center_center\">\n\n\t\t\n\t\t\n\t\t\n\n<div class=\"wpb_column tm-column vc_column_container vc_col-sm-12 tm-zindex-0\">\n\t<div class=\"vc_column-inner\">\n\t\t\t\t<div class=\"wpb_wrapper\">\n\t\t\t<div class=\"vc_separator wpb_content_element vc_separator_align_center vc_sep_width_100 vc_sep_pos_align_center vc_separator_no_text vc_sep_color_grey\" ><span class=\"vc_sep_holder vc_sep_holder_l\"><span  class=\"vc_sep_line\"><\/span><\/span><span class=\"vc_sep_holder vc_sep_holder_r\"><span  class=\"vc_sep_line\"><\/span><\/span>\n<\/div><h4 style=\"text-align:center;\" class=\"tm-custom-heading\" >LLOJET E MALLRAVE<\/h4>\n\t\t<\/div>\n\t<\/div>\n<\/div>\n\n\n\n\t\t\n\t<\/div>\n\n\n\n\n\n\n\n\n\n\n\n<div class=\"tm-row wpb_row vc_row-fluid tm-zindex-0 vc_row container tm-bgimage-position-center_center\">\n\n\t\t\n\t\t\n\t\t\n\n<div class=\"wpb_column tm-column vc_column_container vc_col-sm-8 tm-zindex-0\">\n\t<div class=\"vc_column-inner\">\n\t\t\t\t<div class=\"wpb_wrapper\">\n\t\t\t\n\t<div class=\"wpb_text_column wpb_content_element  wpb_animate_when_almost_visible wpb_fadeIn fadeIn\" >\n\t\t<div class=\"wpb_wrapper\">\n\t\t\t<p><strong>General Cargo:<\/strong> produkte t\u00eb ndryshme metalike, l\u00ebnd\u00eb drusore, mermer, ngarkesa N\u00eb paleta, duhan, produkte ushqimore, pllaka, tuba, pako etj.<\/p>\n<p><strong>Mallra Rifuxho:<\/strong> \u00c7imento, qymyr, drith\u00ebra, plehra, skrap, minerale, xehe, l\u00ebnd\u00eb ushqimore etj.<\/p>\n<p><strong>Mallra Ro\/Ro<\/strong>.<\/p>\n\n\t\t<\/div>\n\t<\/div>\n\t\t<\/div>\n\t<\/div>\n<\/div>\n\n\n\n\n\n<div class=\"wpb_column tm-column vc_column_container vc_col-sm-4 tm-zindex-0\">\n\t<div class=\"vc_column-inner\">\n\t\t\t\t<div class=\"wpb_wrapper\">\n\t\t\t\n\t<div  class=\"wpb_single_image wpb_content_element vc_align_center\">\n\t\t\n\t\t<figure class=\"wpb_wrapper vc_figure\">\n\t\t\t<div class=\"vc_single_image-wrapper   vc_box_border_grey\"><img loading=\"lazy\" decoding=\"async\" class=\"vc_single_image-img\" src=\"https:\/\/portimbm.al\/wp-content\/uploads\/2022\/03\/TYPES-OF-CARGO.jpg\" width=\"1900\" height=\"1965\" alt=\"TYPES OF CARGO\" title=\"LLOJET E MALLRAVE\" \/><\/div>\n\t\t<\/figure>\n\t<\/div>\n\t\t<\/div>\n\t<\/div>\n<\/div>\n\n\n\n\t\t\n\t<\/div>\n\n\n\n\n\n\n\n\n\n\n\n<div class=\"tm-row wpb_row vc_row-fluid tm-zindex-0 vc_row container tm-bgimage-position-center_center\">\n\n\t\t\n\t\t\n\t\t\n\n<div class=\"wpb_column tm-column vc_column_container vc_col-sm-12 tm-zindex-0\">\n\t<div class=\"vc_column-inner\">\n\t\t\t\t<div class=\"wpb_wrapper\">\n\t\t\t<h4 style=\"text-align:center;\" class=\"tm-custom-heading\" >MJETET P\u00cbR P\u00cbRPUNIMIN E MALLRAVE<\/h4>\n\t\t<\/div>\n\t<\/div>\n<\/div>\n\n\n\n\t\t\n\t<\/div>\n\n\n\n\n\n\n\n\n\n\n\n<div class=\"tm-row wpb_row vc_row-fluid tm-zindex-0 vc_row container tm-bgimage-position-center_center\">\n\n\t\t\n\t\t\n\t\t\n\n<div class=\"wpb_column tm-column vc_column_container vc_col-sm-8 tm-zindex-0\">\n\t<div class=\"vc_column-inner\">\n\t\t\t\t<div class=\"wpb_wrapper\">\n\t\t\t\n\t<div class=\"wpb_text_column wpb_content_element  wpb_animate_when_almost_visible wpb_fadeIn fadeIn\" >\n\t\t<div class=\"wpb_wrapper\">\n\t\t\t<p>-4 vin\u00e7a portual l\u00ebviz\u00ebs:<\/p>\n<ul>\n<li>2 Gottwald HMK 4406 B me nj\u00eb kapacitet ngrit\u00ebs deri n\u00eb 100 ton secili;<\/li>\n<li>1 TEREX- MHC 5150 me nj\u00eb kapacitet ngrit\u00ebs deri n\u00eb 150 ton;<\/li>\n<li>1 Fantuzzi MHC 130 me nj\u00eb kapacitet ngrit\u00ebs deri n\u00eb 100 ton.<\/li>\n<\/ul>\n<p>-Mjete t\u00eb tjera p\u00ebr p\u00ebrpunimin e mallrave, si: lefterak, hopper, traktor\u00eb, vin\u00e7 stivues, bob cat etj.<\/p>\n\n\t\t<\/div>\n\t<\/div>\n\t\t<\/div>\n\t<\/div>\n<\/div>\n\n\n\n\n\n<div class=\"wpb_column tm-column vc_column_container vc_col-sm-4 tm-zindex-0\">\n\t<div class=\"vc_column-inner\">\n\t\t\t\t<div class=\"wpb_wrapper\">\n\t\t\t\n\t<div  class=\"wpb_single_image wpb_content_element vc_align_center\">\n\t\t\n\t\t<figure class=\"wpb_wrapper vc_figure\">\n\t\t\t<div class=\"vc_single_image-wrapper   vc_box_border_grey\"><img loading=\"lazy\" decoding=\"async\" class=\"vc_single_image-img\" src=\"https:\/\/portimbm.al\/wp-content\/uploads\/2022\/03\/vincat-1000x500.jpg\" width=\"1000\" height=\"500\" alt=\"vincat\" title=\"vincat\" \/><\/div>\n\t\t<\/figure>\n\t<\/div>\n\t\t<\/div>\n\t<\/div>\n<\/div>\n\n\n\n\t\t\n\t<\/div>\n\n\n\n\n\n\n\n\n\n\n\n<div class=\"tm-row wpb_row vc_row-fluid tm-zindex-0 vc_row container tm-bgimage-position-center_center\">\n\n\t\t\n\t\t\n\t\t\n\n<div class=\"wpb_column tm-column vc_column_container vc_col-sm-12 tm-zindex-0\">\n\t<div class=\"vc_column-inner\">\n\t\t\t\t<div class=\"wpb_wrapper\">\n\t\t\t<h4 style=\"text-align:center;\" class=\"tm-custom-heading\" >HAP\u00cbSIRA E STOKIMIT T\u00cb MALLRAVE<\/h4>\n\t\t<\/div>\n\t<\/div>\n<\/div>\n\n\n\n\t\t\n\t<\/div>\n\n\n\n\n\n\n\n\n\n\n\n<div class=\"tm-row wpb_row vc_row-fluid tm-zindex-0 vc_row container tm-bgimage-position-center_center\">\n\n\t\t\n\t\t\n\t\t\n\n<div class=\"wpb_column tm-column vc_column_container vc_col-sm-8 tm-zindex-0\">\n\t<div class=\"vc_column-inner\">\n\t\t\t\t<div class=\"wpb_wrapper\">\n\t\t\t\n\t<div class=\"wpb_text_column wpb_content_element  wpb_animate_when_almost_visible wpb_fadeIn fadeIn\" >\n\t\t<div class=\"wpb_wrapper\">\n\t\t\t<p>&nbsp;<\/p>\n<p>Shesh i lir\u00eb magazinimi: 26.9 ha;<\/p>\n\n\t\t<\/div>\n\t<\/div>\n\t\t<\/div>\n\t<\/div>\n<\/div>\n\n\n\n\n\n<div class=\"wpb_column tm-column vc_column_container vc_col-sm-4 tm-zindex-0\">\n\t<div class=\"vc_column-inner\">\n\t\t\t\t<div class=\"wpb_wrapper\">\n\t\t\t\n\t<div  class=\"wpb_single_image wpb_content_element vc_align_center\">\n\t\t\n\t\t<figure class=\"wpb_wrapper vc_figure\">\n\t\t\t<div class=\"vc_single_image-wrapper   vc_box_border_grey\"><img loading=\"lazy\" decoding=\"async\" class=\"vc_single_image-img\" src=\"https:\/\/portimbm.al\/wp-content\/uploads\/2022\/03\/storage-cargo-area-1000x500.jpg\" width=\"1000\" height=\"500\" alt=\"storage-cargo-area\" title=\"storage-cargo-area\" \/><\/div>\n\t\t<\/figure>\n\t<\/div>\n\t\t<\/div>\n\t<\/div>\n<\/div>\n\n\n\n\t\t\n\t<\/div>\n\n\n\n\n\n\n\n\n\n\n\n<div class=\"tm-row wpb_row vc_row-fluid tm-zindex-0 vc_row container tm-bgimage-position-center_center\">\n\n\t\t\n\t\t\n\t\t\n\n<div class=\"wpb_column tm-column vc_column_container vc_col-sm-12 tm-zindex-0\">\n\t<div class=\"vc_column-inner\">\n\t\t\t\t<div class=\"wpb_wrapper\">\n\t\t\t<div class=\"vc_separator wpb_content_element vc_separator_align_center vc_sep_width_100 vc_sep_pos_align_center vc_separator_no_text vc_sep_color_grey\" ><span class=\"vc_sep_holder vc_sep_holder_l\"><span  class=\"vc_sep_line\"><\/span><\/span><span class=\"vc_sep_holder vc_sep_holder_r\"><span  class=\"vc_sep_line\"><\/span><\/span>\n<\/div>\n\t<div class=\"wpb_text_column wpb_content_element\" >\n\t\t<div class=\"wpb_wrapper\">\n\t\t\t<h6><em>Terminali i mallrave funksionon me tre turne dhe me tarifa t\u00eb pandryshuara. Porti MBM \u00ebsht\u00eb n\u00ebn regjimin e Zon\u00ebs s\u00eb Lir\u00eb. Operacionet e ngarkimit\/shkarkimit t\u00eb mallrave rifuxho n\u00eb Portin MBM realizohen n\u00eb p\u00ebrputhje me Direktiv\u00ebn e BE 2001\/96\/EC<\/em><\/h6>\n\n\t\t<\/div>\n\t<\/div>\n\t\t<\/div>\n\t<\/div>\n<\/div>\n\n\n\n\t\t\n\t<\/div>","protected":false},"excerpt":{"rendered":"South-East MBM Bulk & General Cargo is located on the south side of MBM Free Port. It has an area approximately 29.4 ha with a quay length of 1215 m and actual depth of 10 meters. TYPES OF CARGO General Cargo: various metal products, timber, marble, palletized cargo, tobacco, food products, slabs, coils, pipes, bundles &hellip; <a href=\"https:\/\/portimbm.al\/sq\/cargo-2\/\" class=\"more-link\">Continue reading <span class=\"screen-reader-text\">Mallrat<\/span><\/a>","protected":false},"author":1,"featured_media":0,"parent":0,"menu_order":0,"comment_status":"closed","ping_status":"closed","template":"","meta":{"footnotes":""},"folder":[57],"class_list":["post-4281","page","type-page","status-publish","hentry"],"yoast_head":"<!-- This site is optimized with the Yoast SEO plugin v26.7 - https:\/\/yoast.com\/wordpress\/plugins\/seo\/ -->\n<title>Cargo - Porti MBM<\/title>\n<meta name=\"description\" content=\"Shoqeria kon\u00e7esionare Porti MBM Kastrati\" \/>\n<meta name=\"robots\" content=\"index, follow, max-snippet:-1, max-image-preview:large, max-video-preview:-1\" \/>\n<link rel=\"canonical\" href=\"https:\/\/portimbm.al\/sq\/cargo-2\/\" \/>\n<meta property=\"og:locale\" content=\"sq_AL\" \/>\n<meta property=\"og:type\" content=\"article\" \/>\n<meta property=\"og:title\" content=\"Cargo - Porti MBM\" \/>\n<meta property=\"og:description\" content=\"Shoqeria kon\u00e7esionare Porti MBM Kastrati\" \/>\n<meta property=\"og:url\" content=\"https:\/\/portimbm.al\/sq\/cargo-2\/\" \/>\n<meta property=\"og:site_name\" content=\"Porti MBM\" \/>\n<meta property=\"article:modified_time\" content=\"2022-03-30T12:49:03+00:00\" \/>\n<meta name=\"twitter:card\" content=\"summary_large_image\" \/>\n<meta name=\"twitter:label1\" content=\"Est. reading time\" \/>\n\t<meta name=\"twitter:data1\" content=\"2 minuta\" \/>\n<script type=\"application\/ld+json\" class=\"yoast-schema-graph\">{\"@context\":\"https:\/\/schema.org\",\"@graph\":[{\"@type\":\"WebPage\",\"@id\":\"https:\/\/portimbm.al\/cargo-2\/\",\"url\":\"https:\/\/portimbm.al\/cargo-2\/\",\"name\":\"Cargo - Porti MBM\",\"isPartOf\":{\"@id\":\"https:\/\/portimbm.al\/sq\/#website\"},\"datePublished\":\"2022-03-07T10:18:55+00:00\",\"dateModified\":\"2022-03-30T12:49:03+00:00\",\"description\":\"Shoqeria kon\u00e7esionare Porti MBM Kastrati\",\"breadcrumb\":{\"@id\":\"https:\/\/portimbm.al\/cargo-2\/#breadcrumb\"},\"inLanguage\":\"sq\",\"potentialAction\":[{\"@type\":\"ReadAction\",\"target\":[\"https:\/\/portimbm.al\/cargo-2\/\"]}]},{\"@type\":\"BreadcrumbList\",\"@id\":\"https:\/\/portimbm.al\/cargo-2\/#breadcrumb\",\"itemListElement\":[{\"@type\":\"ListItem\",\"position\":1,\"name\":\"Home\",\"item\":\"https:\/\/portimbm.al\/\"},{\"@type\":\"ListItem\",\"position\":2,\"name\":\"Cargo\"}]},{\"@type\":\"WebSite\",\"@id\":\"https:\/\/portimbm.al\/sq\/#website\",\"url\":\"https:\/\/portimbm.al\/sq\/\",\"name\":\"Porti MBM\",\"description\":\"Shoqeria Kon\u00e7esionare Porti MBM\",\"potentialAction\":[{\"@type\":\"SearchAction\",\"target\":{\"@type\":\"EntryPoint\",\"urlTemplate\":\"https:\/\/portimbm.al\/sq\/?s={search_term_string}\"},\"query-input\":{\"@type\":\"PropertyValueSpecification\",\"valueRequired\":true,\"valueName\":\"search_term_string\"}}],\"inLanguage\":\"sq\"}]}<\/script>\n<!-- \/ Yoast SEO plugin. -->","yoast_head_json":{"title":"Cargo - Porti MBM","description":"Shoqeria kon\u00e7esionare Porti MBM Kastrati","robots":{"index":"index","follow":"follow","max-snippet":"max-snippet:-1","max-image-preview":"max-image-preview:large","max-video-preview":"max-video-preview:-1"},"canonical":"https:\/\/portimbm.al\/sq\/cargo-2\/","og_locale":"sq_AL","og_type":"article","og_title":"Cargo - Porti MBM","og_description":"Shoqeria kon\u00e7esionare Porti MBM Kastrati","og_url":"https:\/\/portimbm.al\/sq\/cargo-2\/","og_site_name":"Porti MBM","article_modified_time":"2022-03-30T12:49:03+00:00","twitter_card":"summary_large_image","twitter_misc":{"Est. reading time":"2 minuta"},"schema":{"@context":"https:\/\/schema.org","@graph":[{"@type":"WebPage","@id":"https:\/\/portimbm.al\/cargo-2\/","url":"https:\/\/portimbm.al\/cargo-2\/","name":"Cargo - Porti MBM","isPartOf":{"@id":"https:\/\/portimbm.al\/sq\/#website"},"datePublished":"2022-03-07T10:18:55+00:00","dateModified":"2022-03-30T12:49:03+00:00","description":"Shoqeria kon\u00e7esionare Porti MBM Kastrati","breadcrumb":{"@id":"https:\/\/portimbm.al\/cargo-2\/#breadcrumb"},"inLanguage":"sq","potentialAction":[{"@type":"ReadAction","target":["https:\/\/portimbm.al\/cargo-2\/"]}]},{"@type":"BreadcrumbList","@id":"https:\/\/portimbm.al\/cargo-2\/#breadcrumb","itemListElement":[{"@type":"ListItem","position":1,"name":"Home","item":"https:\/\/portimbm.al\/"},{"@type":"ListItem","position":2,"name":"Cargo"}]},{"@type":"WebSite","@id":"https:\/\/portimbm.al\/sq\/#website","url":"https:\/\/portimbm.al\/sq\/","name":"Porti MBM.","description":"Shoqeria Kon\u00e7esionare Porti MBM","potentialAction":[{"@type":"SearchAction","target":{"@type":"EntryPoint","urlTemplate":"https:\/\/portimbm.al\/sq\/?s={search_term_string}"},"query-input":{"@type":"PropertyValueSpecification","valueRequired":true,"valueName":"search_term_string"}}],"inLanguage":"sq"}]}},"_links":{"self":[{"href":"https:\/\/portimbm.al\/sq\/wp-json\/wp\/v2\/pages\/4281","targetHints":{"allow":["GET"]}}],"collection":[{"href":"https:\/\/portimbm.al\/sq\/wp-json\/wp\/v2\/pages"}],"about":[{"href":"https:\/\/portimbm.al\/sq\/wp-json\/wp\/v2\/types\/page"}],"author":[{"embeddable":true,"href":"https:\/\/portimbm.al\/sq\/wp-json\/wp\/v2\/users\/1"}],"replies":[{"embeddable":true,"href":"https:\/\/portimbm.al\/sq\/wp-json\/wp\/v2\/comments?post=4281"}],"version-history":[{"count":8,"href":"https:\/\/portimbm.al\/sq\/wp-json\/wp\/v2\/pages\/4281\/revisions"}],"predecessor-version":[{"id":4403,"href":"https:\/\/portimbm.al\/sq\/wp-json\/wp\/v2\/pages\/4281\/revisions\/4403"}],"wp:attachment":[{"href":"https:\/\/portimbm.al\/sq\/wp-json\/wp\/v2\/media?parent=4281"}],"wp:term":[{"taxonomy":"folder","embeddable":true,"href":"https:\/\/portimbm.al\/sq\/wp-json\/wp\/v2\/folder?post=4281"}],"curies":[{"name":"wp","href":"https:\/\/api.w.org\/{rel}","templated":true}]}}